{"id":660,"date":"2025-08-21T12:26:00","date_gmt":"2025-08-21T12:26:00","guid":{"rendered":"https:\/\/www.linea-arch.pl\/?page_id=660"},"modified":"2025-08-21T12:49:07","modified_gmt":"2025-08-21T12:49:07","slug":"projekty","status":"publish","type":"page","link":"https:\/\/www.linea-arch.pl\/index.php\/projekty\/","title":{"rendered":"Projekty"},"content":{"rendered":"\n<div class=\"wp-block-query is-layout-constrained wp-block-query-is-layout-constrained\"><ul class=\"columns-3 wp-block-post-template is-layout-grid wp-container-core-post-template-is-layout-572542b5 wp-block-post-template-is-layout-grid\"><li class=\"wp-block-post post-765 post type-post status-publish format-standard has-post-thumbnail hentry category-projekty\">\n<figure class=\"wp-block-post-featured-image\"><a href=\"https:\/\/www.linea-arch.pl\/index.php\/2026\/02\/19\/projekt-budynku-mieszkalnego-jednorodzinnego-parterowego-w-linsku\/\" target=\"_self\"  ><img loading=\"lazy\" decoding=\"async\" width=\"1740\" height=\"1240\" src=\"https:\/\/www.linea-arch.pl\/wp-content\/uploads\/2026\/02\/BUDYNEK-1-03-3.png\" class=\"attachment-post-thumbnail size-post-thumbnail wp-post-image\" alt=\"Projekt budynku mieszkalnego jednorodzinnego parterowego w Li\u0144sku\" style=\"object-fit:cover;\" srcset=\"https:\/\/www.linea-arch.pl\/wp-content\/uploads\/2026\/02\/BUDYNEK-1-03-3.png 1740w, https:\/\/www.linea-arch.pl\/wp-content\/uploads\/2026\/02\/BUDYNEK-1-03-3-300x214.png 300w, https:\/\/www.linea-arch.pl\/wp-content\/uploads\/2026\/02\/BUDYNEK-1-03-3-1024x730.png 1024w, https:\/\/www.linea-arch.pl\/wp-content\/uploads\/2026\/02\/BUDYNEK-1-03-3-768x547.png 768w, https:\/\/www.linea-arch.pl\/wp-content\/uploads\/2026\/02\/BUDYNEK-1-03-3-1536x1095.png 1536w\" sizes=\"auto, (max-width: 1740px) 100vw, 1740px\" \/><\/a><\/figure>\n<\/li><li class=\"wp-block-post post-585 post type-post status-publish format-standard has-post-thumbnail hentry category-projekty\">\n<figure class=\"wp-block-post-featured-image\"><a href=\"https:\/\/www.linea-arch.pl\/index.php\/2025\/08\/01\/budynek-mieszkalny-jednorodzinny-lesna-przystan-w-rosochatce\/\" target=\"_self\"  ><img loading=\"lazy\" decoding=\"async\" width=\"1740\" height=\"1240\" src=\"https:\/\/www.linea-arch.pl\/wp-content\/uploads\/2025\/07\/Wizualizacje-Gabrych-2025-05.jpg\" class=\"attachment-post-thumbnail size-post-thumbnail wp-post-image\" alt=\"Budynek mieszkalny jednorodzinny &#8222;Le\u015bna Przysta\u0144&#8221; w Rosochatce\" style=\"object-fit:cover;\" srcset=\"https:\/\/www.linea-arch.pl\/wp-content\/uploads\/2025\/07\/Wizualizacje-Gabrych-2025-05.jpg 1740w, https:\/\/www.linea-arch.pl\/wp-content\/uploads\/2025\/07\/Wizualizacje-Gabrych-2025-05-300x214.jpg 300w, https:\/\/www.linea-arch.pl\/wp-content\/uploads\/2025\/07\/Wizualizacje-Gabrych-2025-05-1024x730.jpg 1024w, https:\/\/www.linea-arch.pl\/wp-content\/uploads\/2025\/07\/Wizualizacje-Gabrych-2025-05-768x547.jpg 768w, https:\/\/www.linea-arch.pl\/wp-content\/uploads\/2025\/07\/Wizualizacje-Gabrych-2025-05-1536x1095.jpg 1536w\" sizes=\"auto, (max-width: 1740px) 100vw, 1740px\" \/><\/a><\/figure>\n<\/li><li class=\"wp-block-post post-531 post type-post status-publish format-standard has-post-thumbnail hentry category-projekty\">\n<figure class=\"wp-block-post-featured-image\"><a href=\"https:\/\/www.linea-arch.pl\/index.php\/2025\/07\/31\/test\/\" target=\"_self\"  ><img loading=\"lazy\" decoding=\"async\" width=\"1740\" height=\"1240\" src=\"https:\/\/www.linea-arch.pl\/wp-content\/uploads\/2025\/07\/Wizualizacje-Gabrych-2025-02.jpg\" class=\"attachment-post-thumbnail size-post-thumbnail wp-post-image\" alt=\"Budynek mieszkalny jednorodzinny \u201eT-house\u201d w Cekcynie\" style=\"object-fit:cover;\" srcset=\"https:\/\/www.linea-arch.pl\/wp-content\/uploads\/2025\/07\/Wizualizacje-Gabrych-2025-02.jpg 1740w, https:\/\/www.linea-arch.pl\/wp-content\/uploads\/2025\/07\/Wizualizacje-Gabrych-2025-02-300x214.jpg 300w, https:\/\/www.linea-arch.pl\/wp-content\/uploads\/2025\/07\/Wizualizacje-Gabrych-2025-02-1024x730.jpg 1024w, https:\/\/www.linea-arch.pl\/wp-content\/uploads\/2025\/07\/Wizualizacje-Gabrych-2025-02-768x547.jpg 768w, https:\/\/www.linea-arch.pl\/wp-content\/uploads\/2025\/07\/Wizualizacje-Gabrych-2025-02-1536x1095.jpg 1536w\" sizes=\"auto, (max-width: 1740px) 100vw, 1740px\" \/><\/a><\/figure>\n<\/li><li class=\"wp-block-post post-633 post type-post status-publish format-standard has-post-thumbnail hentry category-projekty\">\n<figure class=\"wp-block-post-featured-image\"><a href=\"https:\/\/www.linea-arch.pl\/index.php\/2025\/08\/21\/budynek-rekreacji-indywidualnej-w-okoninach\/\" target=\"_self\"  ><img loading=\"lazy\" decoding=\"async\" width=\"1740\" height=\"1240\" src=\"https:\/\/www.linea-arch.pl\/wp-content\/uploads\/2025\/08\/BUDYNEK-1-01_1.jpg\" class=\"attachment-post-thumbnail size-post-thumbnail wp-post-image\" alt=\"Budynek rekreacji indywidualnej &#8222;Eco-dom&#8221; w Okoninach\" style=\"object-fit:cover;\" srcset=\"https:\/\/www.linea-arch.pl\/wp-content\/uploads\/2025\/08\/BUDYNEK-1-01_1.jpg 1740w, https:\/\/www.linea-arch.pl\/wp-content\/uploads\/2025\/08\/BUDYNEK-1-01_1-300x214.jpg 300w, https:\/\/www.linea-arch.pl\/wp-content\/uploads\/2025\/08\/BUDYNEK-1-01_1-1024x730.jpg 1024w, https:\/\/www.linea-arch.pl\/wp-content\/uploads\/2025\/08\/BUDYNEK-1-01_1-768x547.jpg 768w, https:\/\/www.linea-arch.pl\/wp-content\/uploads\/2025\/08\/BUDYNEK-1-01_1-1536x1095.jpg 1536w\" sizes=\"auto, (max-width: 1740px) 100vw, 1740px\" \/><\/a><\/figure>\n<\/li><li class=\"wp-block-post post-729 post type-post status-publish format-standard has-post-thumbnail hentry category-projekty\">\n<figure class=\"wp-block-post-featured-image\"><a href=\"https:\/\/www.linea-arch.pl\/index.php\/2026\/02\/18\/budynek-mieszkalny-jednorodzinny-w-okoninach-nadjeziornych\/\" target=\"_self\"  ><img loading=\"lazy\" decoding=\"async\" width=\"1740\" height=\"1240\" src=\"https:\/\/www.linea-arch.pl\/wp-content\/uploads\/2026\/02\/BUDYNEK-1-01-1.jpg\" class=\"attachment-post-thumbnail size-post-thumbnail wp-post-image\" alt=\"Budynek mieszkalny jednorodzinny \u201eDrewniana Przestrze\u0144\u201d w Okoninach Nadjeziornych\" style=\"object-fit:cover;\" srcset=\"https:\/\/www.linea-arch.pl\/wp-content\/uploads\/2026\/02\/BUDYNEK-1-01-1.jpg 1740w, https:\/\/www.linea-arch.pl\/wp-content\/uploads\/2026\/02\/BUDYNEK-1-01-1-300x214.jpg 300w, https:\/\/www.linea-arch.pl\/wp-content\/uploads\/2026\/02\/BUDYNEK-1-01-1-1024x730.jpg 1024w, https:\/\/www.linea-arch.pl\/wp-content\/uploads\/2026\/02\/BUDYNEK-1-01-1-768x547.jpg 768w, https:\/\/www.linea-arch.pl\/wp-content\/uploads\/2026\/02\/BUDYNEK-1-01-1-1536x1095.jpg 1536w\" sizes=\"auto, (max-width: 1740px) 100vw, 1740px\" \/><\/a><\/figure>\n<\/li><li class=\"wp-block-post post-556 post type-post status-publish format-standard has-post-thumbnail hentry category-projekty\">\n<figure class=\"wp-block-post-featured-image\"><a href=\"https:\/\/www.linea-arch.pl\/index.php\/2025\/08\/01\/test2\/\" target=\"_self\"  ><img loading=\"lazy\" decoding=\"async\" width=\"1740\" height=\"1240\" src=\"https:\/\/www.linea-arch.pl\/wp-content\/uploads\/2025\/07\/Wizualizacje-Gabrych-2025-15.jpg\" class=\"attachment-post-thumbnail size-post-thumbnail wp-post-image\" alt=\"Budynek mieszkalny jednorodzinny \u201eDomek Borowiacki\u201d w Okoninach Nadjeziornych\" style=\"object-fit:cover;\" srcset=\"https:\/\/www.linea-arch.pl\/wp-content\/uploads\/2025\/07\/Wizualizacje-Gabrych-2025-15.jpg 1740w, https:\/\/www.linea-arch.pl\/wp-content\/uploads\/2025\/07\/Wizualizacje-Gabrych-2025-15-300x214.jpg 300w, https:\/\/www.linea-arch.pl\/wp-content\/uploads\/2025\/07\/Wizualizacje-Gabrych-2025-15-1024x730.jpg 1024w, https:\/\/www.linea-arch.pl\/wp-content\/uploads\/2025\/07\/Wizualizacje-Gabrych-2025-15-768x547.jpg 768w, https:\/\/www.linea-arch.pl\/wp-content\/uploads\/2025\/07\/Wizualizacje-Gabrych-2025-15-1536x1095.jpg 1536w\" sizes=\"auto, (max-width: 1740px) 100vw, 1740px\" \/><\/a><\/figure>\n<\/li><li class=\"wp-block-post post-626 post type-post status-publish format-standard has-post-thumbnail hentry category-projekty\">\n<figure class=\"wp-block-post-featured-image\"><a href=\"https:\/\/www.linea-arch.pl\/index.php\/2025\/08\/21\/budynek-mieszkalny-jednorodzinny-w-sliwicach\/\" target=\"_self\"  ><img loading=\"lazy\" decoding=\"async\" width=\"1740\" height=\"1240\" src=\"https:\/\/www.linea-arch.pl\/wp-content\/uploads\/2025\/08\/BUDYNEK-1-01-1.jpg\" class=\"attachment-post-thumbnail size-post-thumbnail wp-post-image\" alt=\"Budynek mieszkalny jednorodzinny w \u015aliwicach\" style=\"object-fit:cover;\" srcset=\"https:\/\/www.linea-arch.pl\/wp-content\/uploads\/2025\/08\/BUDYNEK-1-01-1.jpg 1740w, https:\/\/www.linea-arch.pl\/wp-content\/uploads\/2025\/08\/BUDYNEK-1-01-1-300x214.jpg 300w, https:\/\/www.linea-arch.pl\/wp-content\/uploads\/2025\/08\/BUDYNEK-1-01-1-1024x730.jpg 1024w, https:\/\/www.linea-arch.pl\/wp-content\/uploads\/2025\/08\/BUDYNEK-1-01-1-768x547.jpg 768w, https:\/\/www.linea-arch.pl\/wp-content\/uploads\/2025\/08\/BUDYNEK-1-01-1-1536x1095.jpg 1536w\" sizes=\"auto, (max-width: 1740px) 100vw, 1740px\" \/><\/a><\/figure>\n<\/li><li class=\"wp-block-post post-562 post type-post status-publish format-standard has-post-thumbnail hentry category-projekty\">\n<figure class=\"wp-block-post-featured-image\"><a href=\"https:\/\/www.linea-arch.pl\/index.php\/2025\/08\/01\/test-4\/\" target=\"_self\"  ><img loading=\"lazy\" decoding=\"async\" width=\"1740\" height=\"1240\" src=\"https:\/\/www.linea-arch.pl\/wp-content\/uploads\/2025\/10\/BUDYNEK-1-05.jpg\" class=\"attachment-post-thumbnail size-post-thumbnail wp-post-image\" alt=\"Budynek mieszkalny jednorodzinny \u201eNowoczesna stodo\u0142a\u201d\" style=\"object-fit:cover;\" srcset=\"https:\/\/www.linea-arch.pl\/wp-content\/uploads\/2025\/10\/BUDYNEK-1-05.jpg 1740w, https:\/\/www.linea-arch.pl\/wp-content\/uploads\/2025\/10\/BUDYNEK-1-05-300x214.jpg 300w, https:\/\/www.linea-arch.pl\/wp-content\/uploads\/2025\/10\/BUDYNEK-1-05-1024x730.jpg 1024w, https:\/\/www.linea-arch.pl\/wp-content\/uploads\/2025\/10\/BUDYNEK-1-05-768x547.jpg 768w, https:\/\/www.linea-arch.pl\/wp-content\/uploads\/2025\/10\/BUDYNEK-1-05-1536x1095.jpg 1536w\" sizes=\"auto, (max-width: 1740px) 100vw, 1740px\" \/><\/a><\/figure>\n<\/li><li class=\"wp-block-post post-644 post type-post status-publish format-standard has-post-thumbnail hentry category-projekty\">\n<figure class=\"wp-block-post-featured-image\"><a href=\"https:\/\/www.linea-arch.pl\/index.php\/2025\/08\/21\/budynek-mieszkalny-jednorodzinny-w-brzozowych-blotach\/\" target=\"_self\"  ><img loading=\"lazy\" decoding=\"async\" width=\"1740\" height=\"1240\" src=\"https:\/\/www.linea-arch.pl\/wp-content\/uploads\/2025\/08\/BUDYNEK-1-01_1-1.jpg\" class=\"attachment-post-thumbnail size-post-thumbnail wp-post-image\" alt=\"Budynek mieszkalny jednorodzinny &#8222;Nowoczesno\u015b\u0107&#8221; w Brzozowych B\u0142otach\" style=\"object-fit:cover;\" srcset=\"https:\/\/www.linea-arch.pl\/wp-content\/uploads\/2025\/08\/BUDYNEK-1-01_1-1.jpg 1740w, https:\/\/www.linea-arch.pl\/wp-content\/uploads\/2025\/08\/BUDYNEK-1-01_1-1-300x214.jpg 300w, https:\/\/www.linea-arch.pl\/wp-content\/uploads\/2025\/08\/BUDYNEK-1-01_1-1-1024x730.jpg 1024w, https:\/\/www.linea-arch.pl\/wp-content\/uploads\/2025\/08\/BUDYNEK-1-01_1-1-768x547.jpg 768w, https:\/\/www.linea-arch.pl\/wp-content\/uploads\/2025\/08\/BUDYNEK-1-01_1-1-1536x1095.jpg 1536w\" sizes=\"auto, (max-width: 1740px) 100vw, 1740px\" \/><\/a><\/figure>\n<\/li><li class=\"wp-block-post post-559 post type-post status-publish format-standard has-post-thumbnail hentry category-projekty\">\n<figure class=\"wp-block-post-featured-image\"><a href=\"https:\/\/www.linea-arch.pl\/index.php\/2025\/08\/01\/test-3\/\" target=\"_self\"  ><img loading=\"lazy\" decoding=\"async\" width=\"1740\" height=\"1240\" src=\"https:\/\/www.linea-arch.pl\/wp-content\/uploads\/2025\/07\/Wizualizacje-Gabrych-2025-09.jpg\" class=\"attachment-post-thumbnail size-post-thumbnail wp-post-image\" alt=\"Budynek mieszkalny jednorodzinny \u201eMinimalizm\u201d w Kie\u0142pinie\" style=\"object-fit:cover;\" srcset=\"https:\/\/www.linea-arch.pl\/wp-content\/uploads\/2025\/07\/Wizualizacje-Gabrych-2025-09.jpg 1740w, https:\/\/www.linea-arch.pl\/wp-content\/uploads\/2025\/07\/Wizualizacje-Gabrych-2025-09-300x214.jpg 300w, https:\/\/www.linea-arch.pl\/wp-content\/uploads\/2025\/07\/Wizualizacje-Gabrych-2025-09-1024x730.jpg 1024w, https:\/\/www.linea-arch.pl\/wp-content\/uploads\/2025\/07\/Wizualizacje-Gabrych-2025-09-768x547.jpg 768w, https:\/\/www.linea-arch.pl\/wp-content\/uploads\/2025\/07\/Wizualizacje-Gabrych-2025-09-1536x1095.jpg 1536w\" sizes=\"auto, (max-width: 1740px) 100vw, 1740px\" \/><\/a><\/figure>\n<\/li><li class=\"wp-block-post post-583 post type-post status-publish format-standard has-post-thumbnail hentry category-projekty\">\n<figure class=\"wp-block-post-featured-image\"><a href=\"https:\/\/www.linea-arch.pl\/index.php\/2025\/08\/01\/budynek-mieszkalny-jednorodzinny-zimowy-azyl-w-okoninach-nadjeziornych\/\" target=\"_self\"  ><img loading=\"lazy\" decoding=\"async\" width=\"1740\" height=\"1240\" src=\"https:\/\/www.linea-arch.pl\/wp-content\/uploads\/2025\/07\/Wizualizacje-Gabrych-2025-18.jpg\" class=\"attachment-post-thumbnail size-post-thumbnail wp-post-image\" alt=\"Budynek mieszkalny jednorodzinny &#8222;Zimowy Azyl&#8221; w Okoninach Nadjeziornych\" style=\"object-fit:cover;\" srcset=\"https:\/\/www.linea-arch.pl\/wp-content\/uploads\/2025\/07\/Wizualizacje-Gabrych-2025-18.jpg 1740w, https:\/\/www.linea-arch.pl\/wp-content\/uploads\/2025\/07\/Wizualizacje-Gabrych-2025-18-300x214.jpg 300w, https:\/\/www.linea-arch.pl\/wp-content\/uploads\/2025\/07\/Wizualizacje-Gabrych-2025-18-1024x730.jpg 1024w, https:\/\/www.linea-arch.pl\/wp-content\/uploads\/2025\/07\/Wizualizacje-Gabrych-2025-18-768x547.jpg 768w, https:\/\/www.linea-arch.pl\/wp-content\/uploads\/2025\/07\/Wizualizacje-Gabrych-2025-18-1536x1095.jpg 1536w\" sizes=\"auto, (max-width: 1740px) 100vw, 1740px\" \/><\/a><\/figure>\n<\/li><li class=\"wp-block-post post-581 post type-post status-publish format-standard has-post-thumbnail hentry category-projekty\">\n<figure class=\"wp-block-post-featured-image\"><a href=\"https:\/\/www.linea-arch.pl\/index.php\/2025\/08\/01\/budynek-mieszkalny-jednorodzinny-domek-borowiacki-w-okoninach-nadjeziornych\/\" target=\"_self\"  ><img loading=\"lazy\" decoding=\"async\" width=\"1740\" height=\"1240\" src=\"https:\/\/www.linea-arch.pl\/wp-content\/uploads\/2025\/07\/Wizualizacje-Gabrych-2025-12.jpg\" class=\"attachment-post-thumbnail size-post-thumbnail wp-post-image\" alt=\"Budynek mieszkalny jednorodzinny \u201eNaturalny Dom\u201d w \u015aliwiczkach\" style=\"object-fit:cover;\" srcset=\"https:\/\/www.linea-arch.pl\/wp-content\/uploads\/2025\/07\/Wizualizacje-Gabrych-2025-12.jpg 1740w, https:\/\/www.linea-arch.pl\/wp-content\/uploads\/2025\/07\/Wizualizacje-Gabrych-2025-12-300x214.jpg 300w, https:\/\/www.linea-arch.pl\/wp-content\/uploads\/2025\/07\/Wizualizacje-Gabrych-2025-12-1024x730.jpg 1024w, https:\/\/www.linea-arch.pl\/wp-content\/uploads\/2025\/07\/Wizualizacje-Gabrych-2025-12-768x547.jpg 768w, https:\/\/www.linea-arch.pl\/wp-content\/uploads\/2025\/07\/Wizualizacje-Gabrych-2025-12-1536x1095.jpg 1536w\" sizes=\"auto, (max-width: 1740px) 100vw, 1740px\" \/><\/a><\/figure>\n<\/li><li class=\"wp-block-post post-747 post type-post status-publish format-standard has-post-thumbnail hentry category-projekty\">\n<figure class=\"wp-block-post-featured-image\"><a href=\"https:\/\/www.linea-arch.pl\/index.php\/2026\/02\/18\/budynek-mieszkalny-jednorodzinny-w-sliwicach-2\/\" target=\"_self\"  ><img loading=\"lazy\" decoding=\"async\" width=\"1740\" height=\"1240\" src=\"https:\/\/www.linea-arch.pl\/wp-content\/uploads\/2026\/02\/BUDYNEK-1-02.png\" class=\"attachment-post-thumbnail size-post-thumbnail wp-post-image\" alt=\"Budynek mieszkalny jednorodzinny \u201eBia\u0142a Przysta\u0144\u201d w \u015aliwicach\" style=\"object-fit:cover;\" srcset=\"https:\/\/www.linea-arch.pl\/wp-content\/uploads\/2026\/02\/BUDYNEK-1-02.png 1740w, https:\/\/www.linea-arch.pl\/wp-content\/uploads\/2026\/02\/BUDYNEK-1-02-300x214.png 300w, https:\/\/www.linea-arch.pl\/wp-content\/uploads\/2026\/02\/BUDYNEK-1-02-1024x730.png 1024w, https:\/\/www.linea-arch.pl\/wp-content\/uploads\/2026\/02\/BUDYNEK-1-02-768x547.png 768w, https:\/\/www.linea-arch.pl\/wp-content\/uploads\/2026\/02\/BUDYNEK-1-02-1536x1095.png 1536w\" sizes=\"auto, (max-width: 1740px) 100vw, 1740px\" \/><\/a><\/figure>\n<\/li><li class=\"wp-block-post post-736 post type-post status-publish format-standard has-post-thumbnail hentry category-projekty\">\n<figure class=\"wp-block-post-featured-image\"><a href=\"https:\/\/www.linea-arch.pl\/index.php\/2026\/02\/18\/budynek-mieszkalny-jednorodzinny-w-okoninach-nadjeziornych-2\/\" target=\"_self\"  ><img loading=\"lazy\" decoding=\"async\" width=\"1740\" height=\"1240\" src=\"https:\/\/www.linea-arch.pl\/wp-content\/uploads\/2026\/02\/BUDYNEK-1-02.jpg\" class=\"attachment-post-thumbnail size-post-thumbnail wp-post-image\" alt=\"Budynek mieszkalny jednorodzinny \u201eParterowy zak\u0105tek\u201d w Okoninach Nadjeziornych\" style=\"object-fit:cover;\" srcset=\"https:\/\/www.linea-arch.pl\/wp-content\/uploads\/2026\/02\/BUDYNEK-1-02.jpg 1740w, https:\/\/www.linea-arch.pl\/wp-content\/uploads\/2026\/02\/BUDYNEK-1-02-300x214.jpg 300w, https:\/\/www.linea-arch.pl\/wp-content\/uploads\/2026\/02\/BUDYNEK-1-02-1024x730.jpg 1024w, https:\/\/www.linea-arch.pl\/wp-content\/uploads\/2026\/02\/BUDYNEK-1-02-768x547.jpg 768w, https:\/\/www.linea-arch.pl\/wp-content\/uploads\/2026\/02\/BUDYNEK-1-02-1536x1095.jpg 1536w\" sizes=\"auto, (max-width: 1740px) 100vw, 1740px\" \/><\/a><\/figure>\n<\/li><li class=\"wp-block-post post-704 post type-post status-publish format-standard has-post-thumbnail hentry category-projekty\">\n<figure class=\"wp-block-post-featured-image\"><a href=\"https:\/\/www.linea-arch.pl\/index.php\/2025\/09\/08\/budynek-mieszkalny-jednorodzinny-klasyk-w-okoninach-nadjeziornych\/\" target=\"_self\"  ><img loading=\"lazy\" decoding=\"async\" width=\"1510\" height=\"1240\" src=\"https:\/\/www.linea-arch.pl\/wp-content\/uploads\/2025\/09\/BUDYNEK-1-04_1.jpg\" class=\"attachment-post-thumbnail size-post-thumbnail wp-post-image\" alt=\"Budynek mieszkalny jednorodzinny &#8222;Klasyk&#8221; w Okoninach Nadjeziornych\" style=\"object-fit:cover;\" srcset=\"https:\/\/www.linea-arch.pl\/wp-content\/uploads\/2025\/09\/BUDYNEK-1-04_1.jpg 1510w, https:\/\/www.linea-arch.pl\/wp-content\/uploads\/2025\/09\/BUDYNEK-1-04_1-300x246.jpg 300w, https:\/\/www.linea-arch.pl\/wp-content\/uploads\/2025\/09\/BUDYNEK-1-04_1-1024x841.jpg 1024w, https:\/\/www.linea-arch.pl\/wp-content\/uploads\/2025\/09\/BUDYNEK-1-04_1-768x631.jpg 768w\" sizes=\"auto, (max-width: 1510px) 100vw, 1510px\" \/><\/a><\/figure>\n<\/li><\/ul><\/div>\n","protected":false},"excerpt":{"rendered":"","protected":false},"author":1,"featured_media":0,"parent":0,"menu_order":0,"comment_status":"closed","ping_status":"closed","template":"","meta":{"_eb_attr":"","site-sidebar-layout":"default","site-content-layout":"","ast-site-content-layout":"default","site-content-style":"default","site-sidebar-style":"default","ast-global-header-display":"","ast-banner-title-visibility":"","ast-main-header-display":"","ast-hfb-above-header-display":"","ast-hfb-below-header-display":"","ast-hfb-mobile-header-display":"","site-post-title":"","ast-breadcrumbs-content":"","ast-featured-img":"","footer-sml-layout":"","ast-disable-related-posts":"","theme-transparent-header-meta":"","adv-header-id-meta":"","stick-header-meta":"","header-above-stick-meta":"","header-main-stick-meta":"","header-below-stick-meta":"","astra-migrate-meta-layouts":"default","ast-page-background-enabled":"default","ast-page-background-meta":{"desktop":{"background-color":"var(--ast-global-color-5)","background-image":"","background-repeat":"repeat","background-position":"center center","background-size":"auto","background-attachment":"scroll","background-type":"","background-media":"","overlay-type":"","overlay-color":"","overlay-opacity":"","overlay-gradient":""},"tablet":{"background-color":"","background-image":"","background-repeat":"repeat","background-position":"center center","background-size":"auto","background-attachment":"scroll","background-type":"","background-media":"","overlay-type":"","overlay-color":"","overlay-opacity":"","overlay-gradient":""},"mobile":{"background-color":"","background-image":"","background-repeat":"repeat","background-position":"center center","background-size":"auto","background-attachment":"scroll","background-type":"","background-media":"","overlay-type":"","overlay-color":"","overlay-opacity":"","overlay-gradient":""}},"ast-content-background-meta":{"desktop":{"background-color":"var(--ast-global-color-4)","background-image":"","background-repeat":"repeat","background-position":"center center","background-size":"auto","background-attachment":"scroll","background-type":"","background-media":"","overlay-type":"","overlay-color":"","overlay-opacity":"","overlay-gradient":""},"tablet":{"background-color":"var(--ast-global-color-4)","background-image":"","background-repeat":"repeat","background-position":"center center","background-size":"auto","background-attachment":"scroll","background-type":"","background-media":"","overlay-type":"","overlay-color":"","overlay-opacity":"","overlay-gradient":""},"mobile":{"background-color":"var(--ast-global-color-4)","background-image":"","background-repeat":"repeat","background-position":"center center","background-size":"auto","background-attachment":"scroll","background-type":"","background-media":"","overlay-type":"","overlay-color":"","overlay-opacity":"","overlay-gradient":""}},"footnotes":""},"class_list":["post-660","page","type-page","status-publish","hentry"],"_links":{"self":[{"href":"https:\/\/www.linea-arch.pl\/index.php\/wp-json\/wp\/v2\/pages\/660","targetHints":{"allow":["GET"]}}],"collection":[{"href":"https:\/\/www.linea-arch.pl\/index.php\/wp-json\/wp\/v2\/pages"}],"about":[{"href":"https:\/\/www.linea-arch.pl\/index.php\/wp-json\/wp\/v2\/types\/page"}],"author":[{"embeddable":true,"href":"https:\/\/www.linea-arch.pl\/index.php\/wp-json\/wp\/v2\/users\/1"}],"replies":[{"embeddable":true,"href":"https:\/\/www.linea-arch.pl\/index.php\/wp-json\/wp\/v2\/comments?post=660"}],"version-history":[{"count":4,"href":"https:\/\/www.linea-arch.pl\/index.php\/wp-json\/wp\/v2\/pages\/660\/revisions"}],"predecessor-version":[{"id":683,"href":"https:\/\/www.linea-arch.pl\/index.php\/wp-json\/wp\/v2\/pages\/660\/revisions\/683"}],"wp:attachment":[{"href":"https:\/\/www.linea-arch.pl\/index.php\/wp-json\/wp\/v2\/media?parent=660"}],"curies":[{"name":"wp","href":"https:\/\/api.w.org\/{rel}","templated":true}]}}